{"id":259,"date":"2024-08-14T10:15:30","date_gmt":"2024-08-14T08:15:30","guid":{"rendered":"https:\/\/wh-realty.com\/?page_id=259"},"modified":"2024-08-14T13:44:54","modified_gmt":"2024-08-14T11:44:54","slug":"mentions-legales","status":"publish","type":"page","link":"https:\/\/wh-realty.com\/index.php\/mentions-legales\/","title":{"rendered":"Mentions l\u00e9gales"},"content":{"rendered":"\t\t<div data-elementor-type=\"wp-page\" data-elementor-id=\"259\" class=\"elementor elementor-259\" data-elementor-post-type=\"page\">\n\t\t\t\t<div class=\"elementor-element elementor-element-4730b536 e-flex e-con-boxed e-con e-parent\" data-id=\"4730b536\" data-element_type=\"container\">\n\t\t\t\t\t<div class=\"e-con-inner\">\n\t\t\t\t<div class=\"elementor-element elementor-element-4efdc4aa elementor-widget elementor-widget-text-editor\" data-id=\"4efdc4aa\" data-element_type=\"widget\" data-widget_type=\"text-editor.default\">\n\t\t\t\t<div class=\"elementor-widget-container\">\n\t\t\t<style>\/*! elementor - v3.23.0 - 05-08-2024 *\/\n.elementor-widget-text-editor.elementor-drop-cap-view-stacked .elementor-drop-cap{background-color:#69727d;color:#fff}.elementor-widget-text-editor.elementor-drop-cap-view-framed .elementor-drop-cap{color:#69727d;border:3px solid;background-color:transparent}.elementor-widget-text-editor:not(.elementor-drop-cap-view-default) .elementor-drop-cap{margin-top:8px}.elementor-widget-text-editor:not(.elementor-drop-cap-view-default) .elementor-drop-cap-letter{width:1em;height:1em}.elementor-widget-text-editor .elementor-drop-cap{float:left;text-align:center;line-height:1;font-size:50px}.elementor-widget-text-editor .elementor-drop-cap-letter{display:inline-block}<\/style>\t\t\t\t<div class=\"page-header\"><h1 class=\"entry-title\"><span style=\"font-size: 16px;\">Mentions L\u00e9gales<\/span><\/h1><p class=\"entry-title\"><span style=\"font-size: 16px;\"><br \/>Welcome Home Realty est une marque de la soci\u00e9t\u00e9 Cofradif<\/span><\/p><\/div><div class=\"page-content\"><ul><li>Nom de la soci\u00e9t\u00e9 : Compagnie Fran\u00e7aise de Diffusion<\/li><li>Adresse : 3 rue d\u2019Alsace 02100 St Quentin<\/li><li>Capital de 1.174.400 euros<\/li><li>Siret : 49367750400042<\/li><li>T\u00e9lephone : 0175432610<\/li><li>Email : daf@cofradif.fr<\/li><li>Responsable de la publication : Laurent Dubois<br \/><br \/><\/li><\/ul><p><strong>Cr\u00e9ation &amp; R\u00e9f\u00e9rencement du site :<\/strong><\/p><ul><li><strong>SARL Alexeo<\/strong><\/li><li>76 rue Alexandre Dumas 02100 Saint-Quentin<\/li><li>T\u00e9l : 03 23 67 23 13<\/li><li>Site internet :\u00a0<a href=\"https:\/\/www.alexeo.fr\/\">https:\/\/www.alexeo.fr\/\u00a0<\/a><\/li><\/ul><p><strong><br \/>H\u00e9bergement <\/strong>:<\/p><p>OVH SAS 2 rue Kellermann \u2013 59100 Roubaix \u2013 France<\/p><p><strong>1. Propri\u00e9t\u00e9 Intellectuelle<\/strong><\/p><p>Tous les \u00e9l\u00e9ments figurant sur ce site (textes, graphismes, logos, ic\u00f4nes, images, clips audio ou vid\u00e9o), ainsi que leur mise en forme, sont la propri\u00e9t\u00e9 exclusive de ce\u00a0<strong>site internet<\/strong><strong>,<\/strong>\u00a0\u00e0 l\u2019exception des contenus, marques ou logos appartenant \u00e0 d\u2019autres soci\u00e9t\u00e9s pr\u00e9sentes sur le site en g\u00e9n\u00e9ral. L\u2019ensemble des \u00e9l\u00e9ments pr\u00e9sents sur ce site peuvent \u00eatre repris \u00e0 condition d\u2019en mentionner l\u2019origine.<\/p><p><strong>2. Responsabilit\u00e9<\/strong><\/p><p>Les informations des entreprises figurant sur ce\u00a0<strong>site internet<\/strong><strong>\u00a0<\/strong>sont exclusivement fournies par des internautes ou les propri\u00e9taires. Toute information fausse peut \u00eatre signal\u00e9e \u00e0 l\u2019administrateur. Si un contenu du site vous para\u00eet contraire aux lois et r\u00e8glements en vigueur, s\u2019il porte atteinte \u00e0 un droit de propri\u00e9t\u00e9 intellectuelle ou est diffamatoire merci de bien vouloir pr\u00e9venir l\u2019administrateur par e-mail en utilisant le formulaire de contact. L\u2019administrateur n\u2019exerce aucune surveillance sur les sites mentionn\u00e9s dans les articles via des liens hypertextes et d\u00e9cline en cons\u00e9quence toute responsabilit\u00e9 sur le contenu de ces sites. Tous les liens vers ce\u00a0<strong>site internet<\/strong><strong>\u00a0<\/strong>peuvent \u00eatre librement \u00e9tablis d\u00e8s lors qu\u2019ils ne sont pas utilis\u00e9s \u00e0 des fins commerciales ou publicitaires. L\u2019administrateur ne peut en aucun cas \u00eatre tenu pour responsable de tout pr\u00e9judice, direct ou indirect, que l\u2019utilisation des informations, produits ou services causerait \u00e0 tout utilisateur du site et notamment des pr\u00e9judices li\u00e9s \u00e0 une utilisation ou \u00e0 un acte d\u2019achat sur un site pr\u00e9sent\u00e9, cit\u00e9, li\u00e9 ou r\u00e9f\u00e9renc\u00e9 par ce\u00a0<strong>site internet<\/strong>.<\/p><p><strong>3. Donn\u00e9es personnelles<\/strong><\/p><p>Conform\u00e9ment \u00e0 l\u2019article 34 de la CNIL relative \u00e0 l\u2019informatique, aux fichiers et aux libert\u00e9s, tout utilisateur du site dispose d\u2019un droit d\u2019acc\u00e8s, de modification, de rectification et de suppression des donn\u00e9es personnelles le concernant. Ce droit peut \u00eatre exerc\u00e9 en contactant l\u2019administrateur du site par e-mail en utilisant le formulaire de contact. La CNIL est la commission nationale informatique et libert\u00e9s, un organisme national charg\u00e9 de faire respecter le droit des personnes au contr\u00f4le de leurs informations nominatives. La CNIL a pour mission la protection de la vie priv\u00e9e et des libert\u00e9s individuelles ou publiques.<\/p><p><strong>4. RGPD<\/strong><\/p><p>Conform\u00e9ment \u00e0 la r\u00e9glementation europ\u00e9enne en vigueur, les internautes ayant utilis\u00e9 les formulaires ont un droit d\u2019acc\u00e8s (article 15 RGPD) et de rectification (article 16 RGPD), de mise \u00e0 jour, de compl\u00e9tude des donn\u00e9es des Utilisateurs droit de verrouillage ou d\u2019effacement des donn\u00e9es des Utilisateurs \u00e0 caract\u00e8re personnel (article 17 du RGPD), lorsqu\u2019elles sont inexactes, incompl\u00e8tes, \u00e9quivoques, p\u00e9rim\u00e9es, ou dont la collecte, l\u2019utilisation, la communication ou la conservation est interdite<\/p><p>Dans le cadre des formulaires, nous r\u00e9coltons les informations suivantes :<\/p><ul><li>Nom \/ Pr\u00e9nom<\/li><li>T\u00e9l\u00e9phone<\/li><li>E-mail<\/li><li>Code postal<\/li><li>Objet de la demande<\/li><li>Message<\/li><\/ul><p>Ces donn\u00e9es sont uniquement enregistr\u00e9es dans la base de donn\u00e9es du site, nous pouvons \u00e0 tout moment sur simple demande de votre part modifier ou supprimer les donn\u00e9es. Nous pr\u00e9cisions que ces informations ne font l\u2019objet d\u2019aucun traitement de notre part, il s\u2019agit simplement de fournir un service gratuit permettant d\u2019\u00e9tablir le contact avec l\u2019\u00e9diteur du site.<\/p><p><strong>5. Logos &amp; Images<\/strong><\/p><p>Cr\u00e9dit photo :<\/p><ul><li>Adobe Stock<\/li><li>Welcome Home Realty<\/li><\/ul><p>Logos :<\/p><p>Welcome Home Realty<\/p><\/div>\t\t\t\t\t\t<\/div>\n\t\t\t\t<\/div>\n\t\t\t\t\t<\/div>\n\t\t\t\t<\/div>\n\t\t\t\t<\/div>\n\t\t","protected":false},"excerpt":{"rendered":"<p>Mentions L\u00e9gales Welcome Home Realty est une marque de la soci\u00e9t\u00e9 Cofradif Nom de la soci\u00e9t\u00e9 : Compagnie Fran\u00e7aise de Diffusion Adresse : 3 rue d\u2019Alsace 02100 St Quentin Capital de 1.174.400 euros Siret : 49367750400042 T\u00e9lephone : 0175432610 Email : daf@cofradif.fr Responsable de la publication : Laurent Dubois Cr\u00e9ation &amp; R\u00e9f\u00e9rencement du site : [&hellip;]<\/p>\n","protected":false},"author":3,"featured_media":0,"parent":0,"menu_order":0,"comment_status":"closed","ping_status":"closed","template":"elementor_header_footer","meta":{"_seopress_robots_primary_cat":"","_seopress_titles_title":"","_seopress_titles_desc":"","_seopress_robots_index":"","footnotes":""},"class_list":["post-259","page","type-page","status-publish","hentry"],"_links":{"self":[{"href":"https:\/\/wh-realty.com\/index.php\/wp-json\/wp\/v2\/pages\/259","targetHints":{"allow":["GET"]}}],"collection":[{"href":"https:\/\/wh-realty.com\/index.php\/wp-json\/wp\/v2\/pages"}],"about":[{"href":"https:\/\/wh-realty.com\/index.php\/wp-json\/wp\/v2\/types\/page"}],"author":[{"embeddable":true,"href":"https:\/\/wh-realty.com\/index.php\/wp-json\/wp\/v2\/users\/3"}],"replies":[{"embeddable":true,"href":"https:\/\/wh-realty.com\/index.php\/wp-json\/wp\/v2\/comments?post=259"}],"version-history":[{"count":11,"href":"https:\/\/wh-realty.com\/index.php\/wp-json\/wp\/v2\/pages\/259\/revisions"}],"predecessor-version":[{"id":310,"href":"https:\/\/wh-realty.com\/index.php\/wp-json\/wp\/v2\/pages\/259\/revisions\/310"}],"wp:attachment":[{"href":"https:\/\/wh-realty.com\/index.php\/wp-json\/wp\/v2\/media?parent=259"}],"curies":[{"name":"wp","href":"https:\/\/api.w.org\/{rel}","templated":true}]}}